{"id":59,"date":"2020-10-20T15:38:38","date_gmt":"2020-10-20T15:38:38","guid":{"rendered":"http:\/\/hrisakot.is\/?page_id=59"},"modified":"2020-10-21T10:18:03","modified_gmt":"2020-10-21T10:18:03","slug":"um-okkur","status":"publish","type":"page","link":"http:\/\/hrisakot.is\/?page_id=59","title":{"rendered":"Um okkur"},"content":{"rendered":"<p>Veitingasta\u00f0urinn Hr\u00edsafell er \u00e1 sveitab\u00e6num Hr\u00edsakoti, sem sta\u00f0settur er \u00ed Helgafellssveit \u00e1 nor\u00f0anver\u00f0u Sn\u00e6fellsnesi, \u00ed mi\u00f0ju s\u00f6gusvi\u00f0i Eyrbyggju. Eyrbyggja er ein af bestu \u00cdslendingas\u00f6gunum. H\u00fan fjallar um l\u00edf f\u00f3lks \u00e1 nor\u00f0anver\u00f0u Sn\u00e6fellsnesi, einkum vi\u00f0 \u00c1lftafj\u00f6r\u00f0 og \u00e1 \u00de\u00f3rsnesi, \u00feegar t\u00edmarnir eru a\u00f0 breytast og kristnihald tekur vi\u00f0 af fornum si\u00f0um me\u00f0 n\u00fdjum h\u00e1ttum og venjum. Miki\u00f0 er um \u00e1t\u00f6k, b\u00e6\u00f0i l\u00edkamleg og samf\u00e9lagsleg. \u00c1t\u00f6k \u00e1 milli Arnkels Go\u00f0a, sem bj\u00f3 \u00e1 B\u00f3lsta\u00f0, innst \u00ed \u00c1lftafir\u00f0i, og Snorra Go\u00f0a \u00e1 Helgafelli, eru mikilv\u00e6g uppista\u00f0a \u00ed s\u00f6gunni. Sagan er fr\u00e1b\u00e6r spennusaga, \u00fear sem miki\u00f0 er um plott af \u00fdmsu tagi, dr\u00e1p vel e\u00f0a illa \u00fatf\u00e6r\u00f0, auk \u00feess sem draugagangur kemur miki\u00f0 vi\u00f0 s\u00f6gu. Fa\u00f0ir Arnkels, \u00de\u00f3r\u00f3lfur b\u00e6gif\u00f3tur, bj\u00f3 \u00ed Hvammi, sem sta\u00f0settur er undir vesturhl\u00ed\u00f0um \u00dalfarsfells. Hann var illa innr\u00e6ttur og ofs\u00f3tti \u00edb\u00faa \u00ed \u00de\u00f3rsdal l\u00f6ngu eftir dau\u00f0a sinn.<\/p>\n<p>B\u00e6ndur \u00ed Hr\u00edsakoti eru hj\u00f3nin Sif Matth\u00edasd\u00f3ttir og J\u00f6rundur Svavarsson. \u00deau stunda geita- og hrossar\u00e6kt, auk \u00feess sem veitingaa\u00f0sta\u00f0a og vottu\u00f0 kj\u00f6tvinnsla er \u00e1 sta\u00f0num og rekin undir nafninu Hr\u00edsafell.<\/p>\n<p>\u00cd Hr\u00edsakoti er l\u00f6g\u00f0 \u00e1hersla \u00e1 a\u00f0 framlei\u00f0a margv\u00edslegar geitaafur\u00f0ir eins og kj\u00f6t, st\u00fakur, s\u00e1pur og fi\u00f0u.<\/p>\n<ul>\n<li>Ki\u00f0lingakj\u00f6ti\u00f0 er selt sem heil e\u00f0a \u00farbeinu\u00f0 l\u00e6ri, sem l\u00e6rissnei\u00f0ar sem gott er a\u00f0 setja beint \u00e1 grilli\u00f0 og hryggi \u00ed heilu e\u00f0a sem k\u00f3tilettur,<\/li>\n<li>Geitakj\u00f6ti\u00f0 er einnig unni\u00f0 \u00e1 margv\u00edslegan h\u00e1tt, t.d. grafi\u00f0 og reykt, e\u00f0a unni\u00f0 \u00ed kj\u00f6tbollur, pylsur og pottr\u00e9tti. \u00c1 b\u00fainu er einnig framleiddar k\u00e6fur, geitalifrark\u00e6fa sem og geitak\u00e6fa.<\/li>\n<li>Fi\u00f0u (kasm\u00edrull) er safna\u00f0 af geitunum og unni\u00f0 band \u00far henni. Einnig eru seldar st\u00f6kur af geitunum.<\/li>\n<\/ul>\n<p>&nbsp;<\/p>\n","protected":false},"excerpt":{"rendered":"<p>Veitingasta\u00f0urinn Hr\u00edsafell er \u00e1 sveitab\u00e6num Hr\u00edsakoti, sem sta\u00f0settur er \u00ed [&hellip;]<\/p>\n","protected":false},"author":1,"featured_media":11,"parent":2,"menu_order":0,"comment_status":"closed","ping_status":"closed","template":"","meta":[],"_links":{"self":[{"href":"http:\/\/hrisakot.is\/index.php?rest_route=\/wp\/v2\/pages\/59"}],"collection":[{"href":"http:\/\/hrisakot.is\/index.php?rest_route=\/wp\/v2\/pages"}],"about":[{"href":"http:\/\/hrisakot.is\/index.php?rest_route=\/wp\/v2\/types\/page"}],"author":[{"embeddable":true,"href":"http:\/\/hrisakot.is\/index.php?rest_route=\/wp\/v2\/users\/1"}],"replies":[{"embeddable":true,"href":"http:\/\/hrisakot.is\/index.php?rest_route=%2Fwp%2Fv2%2Fcomments&post=59"}],"version-history":[{"count":4,"href":"http:\/\/hrisakot.is\/index.php?rest_route=\/wp\/v2\/pages\/59\/revisions"}],"predecessor-version":[{"id":83,"href":"http:\/\/hrisakot.is\/index.php?rest_route=\/wp\/v2\/pages\/59\/revisions\/83"}],"up":[{"embeddable":true,"href":"http:\/\/hrisakot.is\/index.php?rest_route=\/wp\/v2\/pages\/2"}],"wp:featuredmedia":[{"embeddable":true,"href":"http:\/\/hrisakot.is\/index.php?rest_route=\/wp\/v2\/media\/11"}],"wp:attachment":[{"href":"http:\/\/hrisakot.is\/index.php?rest_route=%2Fwp%2Fv2%2Fmedia&parent=59"}],"curies":[{"name":"wp","href":"https:\/\/api.w.org\/{rel}","templated":true}]}}